{"id":7,"date":"2026-01-26T05:38:16","date_gmt":"2026-01-26T05:38:16","guid":{"rendered":"https:\/\/blockinsights.net\/?page_id=7"},"modified":"2026-01-26T05:38:16","modified_gmt":"2026-01-26T05:38:16","slug":"trang-chu","status":"publish","type":"page","link":"https:\/\/blockinsights.net\/","title":{"rendered":"Trang ch\u1ee7"},"content":{"rendered":"\n<!-- Hero Section -->\n<section id=\"home\" class=\"bin-hero\">\n    <div class=\"bin-hero-overlay\"><\/div>\n    <div class=\"bin-particles\"><\/div>\n    <div class=\"bin-container\">\n        <div class=\"bin-hero-content\">\n            <div class=\"bin-hero-badge\">\n                <span class=\"bin-insight-icon\">\ud83d\udca1<\/span>\n                <span class=\"bin-badge-text\">DATA-DRIVEN INSIGHTS<\/span>\n            <\/div>\n            <h2>Blockchain Intelligence Platform<\/h2>\n            <p>Ph\u00e2n t\u00edch blockchain chuy\u00ean s\u00e2u, d\u1eef li\u1ec7u on-chain v\u00e0 insight th\u1ecb tr\u01b0\u1eddng crypto<\/p>\n            <div class=\"bin-hero-buttons\">\n                <button class=\"bin-hero-button primary\">Truy c\u1eadp Dashboard<\/button>\n                <button class=\"bin-hero-button secondary\">Xem Demo<\/button>\n            <\/div>\n            <div class=\"bin-hero-metrics\">\n                <div class=\"bin-metric-card\">\n                    <div class=\"bin-metric-icon\">\ud83d\udd17<\/div>\n                    <div class=\"bin-metric-info\">\n                        <h3>50+<\/h3>\n                        <p>Blockchains<\/p>\n                    <\/div>\n                <\/div>\n                <div class=\"bin-metric-card\">\n                    <div class=\"bin-metric-icon\">\ud83d\udcca<\/div>\n                    <div class=\"bin-metric-info\">\n                        <h3>10B+<\/h3>\n                        <p>Transactions<\/p>\n                    <\/div>\n                <\/div>\n                <div class=\"bin-metric-card\">\n                    <div class=\"bin-metric-icon\">\u26a1<\/div>\n                    <div class=\"bin-metric-info\">\n                        <h3>Real-time<\/h3>\n                        <p>Analytics<\/p>\n                    <\/div>\n                <\/div>\n            <\/div>\n        <\/div>\n    <\/div>\n<\/section>\n\n<!-- Market Ticker -->\n<section id=\"market\" class=\"bin-market-ticker\">\n    <div class=\"bin-container\">\n        <div class=\"bin-ticker-header\">\n            <h3>\ud83d\udcc8 Market Intelligence<\/h3>\n            <span class=\"bin-update-time\">Last update: <span id=\"updateTime\">just now<\/span><\/span>\n        <\/div>\n        <div class=\"bin-ticker-wrapper\">\n            <div class=\"bin-ticker-item\">\n                <div class=\"bin-coin-info\">\n                    <span class=\"bin-coin-symbol\">BTC<\/span>\n                    <span class=\"bin-coin-name\">Bitcoin<\/span>\n                <\/div>\n                <div class=\"bin-coin-metrics\">\n                    <span class=\"bin-price\">$45,230<\/span>\n                    <span class=\"bin-change positive\">+2.5%<\/span>\n                <\/div>\n                <div class=\"bin-volume-bar\">\n                    <div class=\"bin-volume-fill\" style=\"width: 85%\"><\/div>\n                <\/div>\n            <\/div>\n            <div class=\"bin-ticker-item\">\n                <div class=\"bin-coin-info\">\n                    <span class=\"bin-coin-symbol\">ETH<\/span>\n                    <span class=\"bin-coin-name\">Ethereum<\/span>\n                <\/div>\n                <div class=\"bin-coin-metrics\">\n                    <span class=\"bin-price\">$2,890<\/span>\n                    <span class=\"bin-change positive\">+3.2%<\/span>\n                <\/div>\n                <div class=\"bin-volume-bar\">\n                    <div class=\"bin-volume-fill\" style=\"width: 92%\"><\/div>\n                <\/div>\n            <\/div>\n            <div class=\"bin-ticker-item\">\n                <div class=\"bin-coin-info\">\n                    <span class=\"bin-coin-symbol\">SOL<\/span>\n                    <span class=\"bin-coin-name\">Solana<\/span>\n                <\/div>\n                <div class=\"bin-coin-metrics\">\n                    <span class=\"bin-price\">$98.50<\/span>\n                    <span class=\"bin-change negative\">-1.8%<\/span>\n                <\/div>\n                <div class=\"bin-volume-bar\">\n                    <div class=\"bin-volume-fill\" style=\"width: 68%\"><\/div>\n                <\/div>\n            <\/div>\n            <div class=\"bin-ticker-item\">\n                <div class=\"bin-coin-info\">\n                    <span class=\"bin-coin-symbol\">ADA<\/span>\n                    <span class=\"bin-coin-name\">Cardano<\/span>\n                <\/div>\n                <div class=\"bin-coin-metrics\">\n                    <span class=\"bin-price\">$0.52<\/span>\n                    <span class=\"bin-change positive\">+1.5%<\/span>\n                <\/div>\n                <div class=\"bin-volume-bar\">\n                    <div class=\"bin-volume-fill\" style=\"width: 75%\"><\/div>\n                <\/div>\n            <\/div>\n        <\/div>\n    <\/div>\n<\/section>\n\n<!-- News Section -->\n<section id=\"insights\" class=\"bin-news-section\">\n    <div class=\"bin-container\">\n        <h2 class=\"bin-section-title\">\ud83d\udd0d Latest Blockchain Insights<\/h2>\n        <div class=\"bin-news-grid\">\n            <article class=\"bin-news-card featured\">\n                <div class=\"bin-news-image\">\n                    <div class=\"bin-badge premium\">\u2b50 Premium Insight<\/div>\n                    <div class=\"bin-data-overlay\">\n                        <div class=\"bin-data-point\">\n                            <span class=\"bin-label\">Accuracy:<\/span>\n                            <span class=\"bin-value\">98.5%<\/span>\n                        <\/div>\n                        <div class=\"bin-data-point\">\n                            <span class=\"bin-label\">Data Points:<\/span>\n                            <span class=\"bin-value\">10M+<\/span>\n                        <\/div>\n                    <\/div>\n                <\/div>\n                <div class=\"bin-news-content\">\n                    <div class=\"bin-news-meta\">\n                        <span class=\"bin-category onchain\">On-Chain Analysis<\/span>\n                        <span class=\"bin-difficulty advanced\">Advanced<\/span>\n                        <span class=\"bin-date\">2 gi\u1edd tr\u01b0\u1edbc<\/span>\n                    <\/div>\n                    <h3>Bitcoin Whale Movement: Ph\u00e2n t\u00edch 50,000 BTC chuy\u1ec3n sang Cold Wallet<\/h3>\n                    <div class=\"bin-insight-stats\">\n                        <div class=\"bin-stat-chip\">\n                            <span class=\"bin-chip-icon\">\ud83d\udc0b<\/span>\n                            <span class=\"bin-chip-text\">Whale Alert<\/span>\n                        <\/div>\n                        <div class=\"bin-stat-chip\">\n                            <span class=\"bin-chip-icon\">\ud83d\udcca<\/span>\n                            <span class=\"bin-chip-text\">High Confidence<\/span>\n                        <\/div>\n                        <div class=\"bin-stat-chip\">\n                            <span class=\"bin-chip-icon\">\u26a1<\/span>\n                            <span class=\"bin-chip-text\">Real-time<\/span>\n                        <\/div>\n                    <\/div>\n                    <p>Ph\u00e2n t\u00edch chuy\u00ean s\u00e2u v\u1ec1 giao d\u1ecbch whale l\u1edbn nh\u1ea5t tu\u1ea7n n\u00e0y v\u00e0 t\u00e1c \u0111\u1ed9ng ti\u1ec1m n\u0103ng \u0111\u1ebfn th\u1ecb tr\u01b0\u1eddng&#8230;<\/p>\n                    <div class=\"bin-key-findings\">\n                        <h4>Key Findings:<\/h4>\n                        <ul>\n                            <li>50,000 BTC \u0111\u01b0\u1ee3c chuy\u1ec3n t\u1eeb exchange sang cold wallet<\/li>\n                            <li>Pattern t\u01b0\u01a1ng t\u1ef1 \u0111\u00e3 xu\u1ea5t hi\u1ec7n tr\u01b0\u1edbc \u0111\u1ee3t t\u0103ng gi\u00e1 30%<\/li>\n                            <li>Accumulation phase c\u00f3 th\u1ec3 \u0111ang b\u1eaft \u0111\u1ea7u<\/li>\n                        <\/ul>\n                    <\/div>\n                    <a href=\"#\" class=\"bin-read-more\">\u0110\u1ecdc ph\u00e2n t\u00edch \u0111\u1ea7y \u0111\u1ee7 \u2192<\/a>\n                <\/div>\n            <\/article>\n            \n            <article class=\"bin-news-card\">\n                <div class=\"bin-news-image\"><\/div>\n                <div class=\"bin-news-content\">\n                    <div class=\"bin-news-meta\">\n                        <span class=\"bin-category defi\">DeFi Metrics<\/span>\n                        <span class=\"bin-difficulty intermediate\">Intermediate<\/span>\n                        <span class=\"bin-date\">4 gi\u1edd tr\u01b0\u1edbc<\/span>\n                    <\/div>\n                    <h3>TVL Surge: Top 10 DeFi Protocols Analysis<\/h3>\n                    <div class=\"bin-metric-preview\">\n                        <div class=\"bin-preview-item\">\n                            <span>Total TVL:<\/span>\n                            <span class=\"bin-highlight\">$85.2B<\/span>\n                        <\/div>\n                        <div class=\"bin-preview-item\">\n                            <span>24h Change:<\/span>\n                            <span class=\"bin-positive\">+5.8%<\/span>\n                        <\/div>\n                    <\/div>\n                    <p>Ph\u00e2n t\u00edch chi ti\u1ebft v\u1ec1 s\u1ef1 t\u0103ng tr\u01b0\u1edfng TVL tr\u00ean c\u00e1c protocol DeFi h\u00e0ng \u0111\u1ea7u&#8230;<\/p>\n                    <a href=\"#\" class=\"bin-read-more\">Xem insight \u2192<\/a>\n                <\/div>\n            <\/article>\n\n            <article class=\"bin-news-card\">\n                <div class=\"bin-news-image\"><\/div>\n                <div class=\"bin-news-content\">\n                    <div class=\"bin-news-meta\">\n                        <span class=\"bin-category nft\">NFT Analytics<\/span>\n                        <span class=\"bin-difficulty beginner\">Beginner<\/span>\n                        <span class=\"bin-date\">6 gi\u1edd tr\u01b0\u1edbc<\/span>\n                    <\/div>\n                    <h3>NFT Market Recovery: Volume t\u0103ng 40% trong tu\u1ea7n<\/h3>\n                    <div class=\"bin-trend-indicator\">\n                        <span class=\"bin-trend-icon\">\ud83d\udcc8<\/span>\n                        <span class=\"bin-trend-text\">Bullish Trend<\/span>\n                    <\/div>\n                    <p>Th\u1ecb tr\u01b0\u1eddng NFT cho th\u1ea5y d\u1ea5u hi\u1ec7u ph\u1ee5c h\u1ed3i m\u1ea1nh m\u1ebd v\u1edbi volume t\u0103ng \u0111\u1ed9t bi\u1ebfn&#8230;<\/p>\n                    <a href=\"#\" class=\"bin-read-more\">\u0110\u1ecdc b\u00e1o c\u00e1o \u2192<\/a>\n                <\/div>\n            <\/article>\n\n            <article class=\"bin-news-card\">\n                <div class=\"bin-news-image\"><\/div>\n                <div class=\"bin-news-content\">\n                    <div class=\"bin-news-meta\">\n                        <span class=\"bin-category network\">Network Health<\/span>\n                        <span class=\"bin-difficulty intermediate\">Intermediate<\/span>\n                        <span class=\"bin-date\">8 gi\u1edd tr\u01b0\u1edbc<\/span>\n                    <\/div>\n                    <h3>Ethereum Post-Merge: 1 Year Performance Review<\/h3>\n                    <div class=\"bin-score-display\">\n                        <span class=\"bin-score-label\">Network Score:<\/span>\n                        <span class=\"bin-score-value\">9.2\/10<\/span>\n                    <\/div>\n                    <p>\u0110\u00e1nh gi\u00e1 to\u00e0n di\u1ec7n v\u1ec1 hi\u1ec7u su\u1ea5t Ethereum sau 1 n\u0103m merge sang PoS&#8230;<\/p>\n                    <a href=\"#\" class=\"bin-read-more\">Xem review \u2192<\/a>\n                <\/div>\n            <\/article>\n        <\/div>\n    <\/div>\n<\/section>\n\n<!-- Analysis Section -->\n<section id=\"analytics\" class=\"bin-analysis-section\">\n    <div class=\"bin-container\">\n        <h2 class=\"bin-section-title\">\ud83d\udc8e Advanced Analytics Tools<\/h2>\n        <div class=\"bin-analysis-grid\">\n            <div class=\"bin-analysis-card\">\n                <div class=\"bin-analysis-header\">\n                    <h3>\ud83d\udcca On-Chain Metrics<\/h3>\n                    <span class=\"bin-tool-status live\">Live<\/span>\n                <\/div>\n                <h4>Real-time Blockchain Data<\/h4>\n                <div class=\"bin-metrics-preview\">\n                    <div class=\"bin-metric-item\">\n                        <span class=\"bin-metric-icon\">\ud83d\udcb0<\/span>\n                        <div class=\"bin-metric-data\">\n                            <span class=\"bin-metric-label\">Active Addresses<\/span>\n                            <span class=\"bin-metric-number\">850K<\/span>\n                            <span class=\"bin-metric-change up\">+12.5%<\/span>\n                        <\/div>\n                    <\/div>\n                    <div class=\"bin-metric-item\">\n                        <span class=\"bin-metric-icon\">\ud83d\udd04<\/span>\n                        <div class=\"bin-metric-data\">\n                            <span class=\"bin-metric-label\">Transaction Volume<\/span>\n                            <span class=\"bin-metric-number\">$45.2B<\/span>\n                            <span class=\"bin-metric-change up\">+8.3%<\/span>\n                        <\/div>\n                    <\/div>\n                    <div class=\"bin-metric-item\">\n                        <span class=\"bin-metric-icon\">\u26d3\ufe0f<\/span>\n                        <div class=\"bin-metric-data\">\n                            <span class=\"bin-metric-label\">Network Hash Rate<\/span>\n                            <span class=\"bin-metric-number\">450 EH\/s<\/span>\n                            <span class=\"bin-metric-change stable\">Stable<\/span>\n                        <\/div>\n                    <\/div>\n                <\/div>\n                <button class=\"bin-view-analysis\">Explore Dashboard<\/button>\n            <\/div>\n\n            <div class=\"bin-analysis-card\">\n                <div class=\"bin-analysis-header\">\n                    <h3>\ud83d\udd2e Predictive Models<\/h3>\n                    <span class=\"bin-tool-status beta\">Beta<\/span>\n                <\/div>\n                <h4>AI-Powered Price Prediction<\/h4>\n                <div class=\"bin-prediction-chart\">\n                    <div class=\"bin-chart-header\">\n                        <span class=\"bin-chart-title\">BTC Price Forecast<\/span>\n                        <span class=\"bin-confidence\">Confidence: 85%<\/span>\n                    <\/div>\n                    <div class=\"bin-chart-visual\">\n                        <div class=\"bin-chart-bar\" style=\"height: 60%\">\n                            <span class=\"bin-bar-label\">Today<\/span>\n                        <\/div>\n                        <div class=\"bin-chart-bar\" style=\"height: 70%\">\n                            <span class=\"bin-bar-label\">7D<\/span>\n                        <\/div>\n                        <div class=\"bin-chart-bar\" style=\"height: 85%\">\n                            <span class=\"bin-bar-label\">30D<\/span>\n                        <\/div>\n                        <div class=\"bin-chart-bar\" style=\"height: 75%\">\n                            <span class=\"bin-bar-label\">90D<\/span>\n                        <\/div>\n                    <\/div>\n                    <div class=\"bin-prediction-result\">\n                        <span>Predicted: $52,000<\/span>\n                        <span class=\"bin-change-predict\">+15.2%<\/span>\n                    <\/div>\n                <\/div>\n                <button class=\"bin-view-analysis\">View Full Model<\/button>\n            <\/div>\n\n            <div class=\"bin-analysis-card\">\n                <div class=\"bin-analysis-header\">\n                    <h3>\ud83c\udfaf Smart Alerts<\/h3>\n                    <span class=\"bin-tool-status active\">Active<\/span>\n                <\/div>\n                <h4>Custom Alert System<\/h4>\n                <div class=\"bin-alert-list\">\n                    <div class=\"bin-alert-item\">\n                        <span class=\"bin-alert-icon\">\ud83d\udea8<\/span>\n                        <div class=\"bin-alert-content\">\n                            <span class=\"bin-alert-title\">Whale Movement Detected<\/span>\n                            <span class=\"bin-alert-desc\">5,000+ BTC transferred<\/span>\n                        <\/div>\n                        <span class=\"bin-alert-time\">5m ago<\/span>\n                    <\/div>\n                    <div class=\"bin-alert-item\">\n                        <span class=\"bin-alert-icon\">\ud83d\udcc8<\/span>\n                        <div class=\"bin-alert-content\">\n                            <span class=\"bin-alert-title\">Price Target Reached<\/span>\n                            <span class=\"bin-alert-desc\">ETH hit $3,000<\/span>\n                        <\/div>\n                        <span class=\"bin-alert-time\">15m ago<\/span>\n                    <\/div>\n                    <div class=\"bin-alert-item\">\n                        <span class=\"bin-alert-icon\">\u26a0\ufe0f<\/span>\n                        <div class=\"bin-alert-content\">\n                            <span class=\"bin-alert-title\">Gas Fee Spike<\/span>\n                            <span class=\"bin-alert-desc\">ETH gas: 150 Gwei<\/span>\n                        <\/div>\n                        <span class=\"bin-alert-time\">30m ago<\/span>\n                    <\/div>\n                <\/div>\n                <button class=\"bin-view-analysis\">Manage Alerts<\/button>\n            <\/div>\n        <\/div>\n    <\/div>\n<\/section>\n\n<!-- Learning Section -->\n<section id=\"resources\" class=\"bin-learning-section\">\n    <div class=\"bin-container\">\n        <h2 class=\"bin-section-title\">\ud83d\udcda Blockchain Analytics Academy<\/h2>\n        <div class=\"bin-learning-grid\">\n            <div class=\"bin-learning-card\">\n                <div class=\"bin-learning-badge beginner\">Beginner<\/div>\n                <div class=\"bin-learning-icon\">\ud83d\udcd6<\/div>\n                <h3>Introduction to On-Chain Analysis<\/h3>\n                <p>H\u1ecdc c\u00e1ch \u0111\u1ecdc v\u00e0 ph\u00e2n t\u00edch d\u1eef li\u1ec7u blockchain c\u01a1 b\u1ea3n<\/p>\n                <div class=\"bin-course-info\">\n                    <span>\u23f1\ufe0f 2 hours<\/span>\n                    <span>\ud83d\udcdd 5 lessons<\/span>\n                <\/div>\n                <a href=\"#\" class=\"bin-learn-link\">Start Learning<\/a>\n            <\/div>\n            <div class=\"bin-learning-card\">\n                <div class=\"bin-learning-badge intermediate\">Intermediate<\/div>\n                <div class=\"bin-learning-icon\">\ud83d\udcca<\/div>\n                <h3>Advanced DeFi Metrics<\/h3>\n                <p>Ph\u00e2n t\u00edch TVL, liquidity v\u00e0 c\u00e1c ch\u1ec9 s\u1ed1 DeFi n\u00e2ng cao<\/p>\n                <div class=\"bin-course-info\">\n                    <span>\u23f1\ufe0f 3 hours<\/span>\n                    <span>\ud83d\udcdd 8 lessons<\/span>\n                <\/div>\n                <a href=\"#\" class=\"bin-learn-link\">Start Learning<\/a>\n            <\/div>\n            <div class=\"bin-learning-card\">\n                <div class=\"bin-learning-badge advanced\">Advanced<\/div>\n                <div class=\"bin-learning-icon\">\ud83d\udd2c<\/div>\n                <h3>Whale Tracking Strategies<\/h3>\n                <p>K\u1ef9 thu\u1eadt theo d\u00f5i v\u00e0 ph\u00e2n t\u00edch giao d\u1ecbch whale chuy\u00ean s\u00e2u<\/p>\n                <div class=\"bin-course-info\">\n                    <span>\u23f1\ufe0f 4 hours<\/span>\n                    <span>\ud83d\udcdd 12 lessons<\/span>\n                <\/div>\n                <a href=\"#\" class=\"bin-learn-link\">Start Learning<\/a>\n            <\/div>\n            <div class=\"bin-learning-card\">\n                <div class=\"bin-learning-badge expert\">Expert<\/div>\n                <div class=\"bin-learning-icon\">\ud83c\udf93<\/div>\n                <h3>Predictive Model Building<\/h3>\n                <p>X\u00e2y d\u1ef1ng m\u00f4 h\u00ecnh d\u1ef1 \u0111o\u00e1n gi\u00e1 v\u1edbi Machine Learning<\/p>\n                <div class=\"bin-course-info\">\n                    <span>\u23f1\ufe0f 6 hours<\/span>\n                    <span>\ud83d\udcdd 15 lessons<\/span>\n                <\/div>\n                <a href=\"#\" class=\"bin-learn-link\">Start Learning<\/a>\n            <\/div>\n        <\/div>\n    <\/div>\n<\/section>\n\n<!-- Newsletter Section -->\n<section class=\"bin-newsletter\">\n    <div class=\"bin-container\">\n        <div class=\"bin-newsletter-content\">\n            <div class=\"bin-newsletter-icon\">\n                <span class=\"bin-icon-main\">\ud83e\udde0<\/span>\n                <span class=\"bin-icon-particles\">\u2728<\/span>\n            <\/div>\n            <h2>Subscribe to Weekly Insights<\/h2>\n            <p>Nh\u1eadn ph\u00e2n t\u00edch chuy\u00ean s\u00e2u, on-chain data v\u00e0 market insights m\u1ed7i tu\u1ea7n<\/p>\n            <form class=\"bin-newsletter-form\">\n                <input type=\"email\" placeholder=\"Your email address\" required>\n                <button type=\"submit\">Get Insights<\/button>\n            <\/form>\n            <div class=\"bin-newsletter-features\">\n                <div class=\"bin-feature-box\">\n                    <span class=\"bin-feature-icon\">\ud83d\udcca<\/span>\n                    <div class=\"bin-feature-content\">\n                        <strong>Weekly Reports<\/strong>\n                        <p>B\u00e1o c\u00e1o th\u1ecb tr\u01b0\u1eddng chi ti\u1ebft<\/p>\n                    <\/div>\n                <\/div>\n                <div class=\"bin-feature-box\">\n                    <span class=\"bin-feature-icon\">\ud83d\udd14<\/span>\n                    <div class=\"bin-feature-content\">\n                        <strong>Real-time Alerts<\/strong>\n                        <p>C\u1ea3nh b\u00e1o whale &#038; market moves<\/p>\n                    <\/div>\n                <\/div>\n                <div class=\"bin-feature-box\">\n                    <span class=\"bin-feature-icon\">\ud83d\udcc8<\/span>\n                    <div class=\"bin-feature-content\">\n                        <strong>Exclusive Analysis<\/strong>\n                        <p>Ph\u00e2n t\u00edch \u0111\u1ed9c quy\u1ec1n t\u1eeb experts<\/p>\n                    <\/div>\n                <\/div>\n            <\/div>\n            <div class=\"bin-subscriber-count\">\n                <span class=\"bin-count-icon\">\ud83d\udc65<\/span>\n                <span class=\"bin-count-text\">Join 50,000+ subscribers getting blockchain insights<\/span>\n            <\/div>\n        <\/div>\n    <\/div>\n<\/section>\n","protected":false},"excerpt":{"rendered":"<p>\ud83d\udca1 DATA-DRIVEN INSIGHTS Blockchain Intelligence Platform Ph\u00e2n t\u00edch blockchain chuy\u00ean s\u00e2u, d\u1eef li\u1ec7u on-chain v\u00e0 insight th\u1ecb tr\u01b0\u1eddng crypto Truy c\u1eadp Dashboard Xem Demo \ud83d\udd17 50+ Blockchains \ud83d\udcca 10B+ Transactions \u26a1 Real-time Analytics \ud83d\udcc8 Market Intelligence Last update: just now BTC Bitcoin $45,230 +2.5% ETH Ethereum $2,890 +3.2% SOL Solana $98.50 -1.8% ADA Cardano $0.52 [&#8230;]\n","protected":false},"author":1,"featured_media":0,"parent":0,"menu_order":0,"comment_status":"closed","ping_status":"closed","template":"","meta":{"footnotes":""},"class_list":["post-7","page","type-page","status-publish","hentry"],"_links":{"self":[{"href":"https:\/\/blockinsights.net\/index.php\/wp-json\/wp\/v2\/pages\/7","targetHints":{"allow":["GET"]}}],"collection":[{"href":"https:\/\/blockinsights.net\/index.php\/wp-json\/wp\/v2\/pages"}],"about":[{"href":"https:\/\/blockinsights.net\/index.php\/wp-json\/wp\/v2\/types\/page"}],"author":[{"embeddable":true,"href":"https:\/\/blockinsights.net\/index.php\/wp-json\/wp\/v2\/users\/1"}],"replies":[{"embeddable":true,"href":"https:\/\/blockinsights.net\/index.php\/wp-json\/wp\/v2\/comments?post=7"}],"version-history":[{"count":1,"href":"https:\/\/blockinsights.net\/index.php\/wp-json\/wp\/v2\/pages\/7\/revisions"}],"predecessor-version":[{"id":9,"href":"https:\/\/blockinsights.net\/index.php\/wp-json\/wp\/v2\/pages\/7\/revisions\/9"}],"wp:attachment":[{"href":"https:\/\/blockinsights.net\/index.php\/wp-json\/wp\/v2\/media?parent=7"}],"curies":[{"name":"wp","href":"https:\/\/api.w.org\/{rel}","templated":true}]}}